{"id":1866,"date":"2024-09-12T14:01:24","date_gmt":"2024-09-12T12:01:24","guid":{"rendered":"https:\/\/otdk.hu\/rendezo-intezmenyek-es-honlapjaik\/"},"modified":"2026-01-28T17:23:32","modified_gmt":"2026-01-28T16:23:32","slug":"organising-institutions","status":"publish","type":"page","link":"https:\/\/otdk.hu\/en\/otdk-archive\/korabbi-otdk-k\/37th-otdk\/organising-institutions\/","title":{"rendered":"Organizing Institutions"},"content":{"rendered":"<p>&nbsp;<\/p>\n<table style=\"height: 1114px;\" width=\"1101\">\n<tbody>\n<tr>\n<td width=\"205\">\n<h4>Section<\/h4>\n<\/td>\n<td width=\"318\">\n<h4 style=\"text-align: left;\">Organizing Institution<\/h4>\n<\/td>\n<td style=\"text-align: left;\" width=\"154\">\n<h4>Date<\/h4>\n<\/td>\n<td style=\"text-align: left;\" width=\"136\">\n<h4>Registration deadline<\/h4>\n<\/td>\n<td width=\"252\">\n<h4 style=\"text-align: left;\">Website<\/h4>\n<\/td>\n<\/tr>\n<tr>\n<td width=\"205\"><strong>Agricultural Sciences<\/strong><\/td>\n<td width=\"318\">Hungarian University of Transylvania<br \/>\nFaculty of Cs\u00edkszereda<\/td>\n<td>24\u201326 April, 2025<\/td>\n<td>8 January, 2025<\/td>\n<td><a href=\"https:\/\/csik.sapientia.ro\/otdk2025\/\">https:\/\/csik.sapientia.ro\/otdk2025\/<\/a><\/td>\n<\/tr>\n<tr>\n<td width=\"205\"><strong>Law and Political Science<\/strong><\/td>\n<td width=\"318\">K\u00e1roli G\u00e1sp\u00e1r University of the Reformed Church in Hungary<br \/>\nFaculty of Law<\/td>\n<td>24\u201326 March, 2025<\/td>\n<td>11 December, 2024<\/td>\n<td><a href=\"https:\/\/otdk2025ajk.kre.hu\/\">https:\/\/otdk2025ajk.kre.hu\/<\/a><\/td>\n<\/tr>\n<tr>\n<td width=\"205\"><strong>Biology<\/strong><\/td>\n<td width=\"318\">University of Szeged<br \/>\nFaculty of Science and Informatics<\/td>\n<td>15\u201317 April, 2025<\/td>\n<td>15 January, 2025<\/td>\n<td><a href=\"https:\/\/u-szeged.hu\/otdk37biologia\">https:\/\/u-szeged.hu\/otdk37biologia<\/a><\/td>\n<\/tr>\n<tr>\n<td width=\"205\"><strong>Physics, Earth Sciences and Mathematics<\/strong><\/td>\n<td width=\"318\">University of P\u00e9cs<br \/>\nFaculty of Sciences<\/td>\n<td>22\u201325 April, 2025<\/td>\n<td>8 January, 2025<\/td>\n<td><a href=\"https:\/\/otdk.pte.hu\/ttk-szekcio\">https:\/\/otdk.pte.hu\/ttk-szekcio<\/a><\/td>\n<\/tr>\n<tr>\n<td width=\"205\"><strong>Military and Law Enforcement Science<\/strong><\/td>\n<td width=\"318\">Ludovika University of Public Service<br \/>\nFaculty of Military Science and Officer Training<\/td>\n<td>22\u201324 April, 2025<\/td>\n<td>15 January, 2025<\/td>\n<td><a href=\"https:\/\/otdk-hrt.uni-nke.hu\/\">https:\/\/otdk-hrt.uni-nke.hu\/<\/a><\/td>\n<\/tr>\n<tr>\n<td width=\"205\"><strong>Humanities<\/strong><\/td>\n<td width=\"318\">University of Szeged<br \/>\nFaculty of Humanities and Social Sciences<\/td>\n<td>15\u201317 April, 2024<\/td>\n<td>15 January, 2025<\/td>\n<td><a href=\"https:\/\/u-szeged.hu\/hotdk2025\">https:\/\/u-szeged.hu\/hotdk2025<\/a><\/td>\n<\/tr>\n<tr>\n<td width=\"205\"><strong>Information and Communication Technology\u00a0<\/strong><\/td>\n<td width=\"318\">Budapest University of Technology and Economics<br \/>\nFaculty of Electrical Engineering and Informatics<\/td>\n<td>23\u201325 April, 2025<\/td>\n<td>15 January, 2025<\/td>\n<td><a href=\"https:\/\/otdk25.vik.bme.hu\/\">https:\/\/otdk25.vik.bme.hu<\/a><\/td>\n<\/tr>\n<tr>\n<td width=\"205\"><strong>Chemistry and Chemical Industry<\/strong><\/td>\n<td width=\"318\">University of Debrecen<br \/>\nFaculty of Science and Technology<\/td>\n<td>9\u201311 April, 2025<\/td>\n<td>8 January, 2025<\/td>\n<td><a href=\"https:\/\/kemia.unideb.hu\/37otdk\">https:\/\/kemia.unideb.hu\/37otdk<\/a><\/td>\n<\/tr>\n<tr>\n<td width=\"205\"><strong>Economics<\/strong><\/td>\n<td width=\"318\">University of Miskolc<br \/>\nFaculty of Economics<\/td>\n<td>28\u201330 April, 2025<\/td>\n<td>15 January, 2025<\/td>\n<td><a href=\"https:\/\/kozgotdk2025.uni-miskolc.hu\/\">https:\/\/kozgotdk2025.uni-miskolc.hu<\/a><\/td>\n<\/tr>\n<tr>\n<td width=\"205\"><strong>Technical Sciences<\/strong><\/td>\n<td width=\"318\">University of Debrecen<br \/>\nFaculty of Engineering<\/td>\n<td>23\u201325 April, 2025<\/td>\n<td>15 January, 2025<\/td>\n<td><a href=\"https:\/\/eng.unideb.hu\/otdk37\">https:\/\/eng.unideb.hu\/otdk37<\/a><\/td>\n<\/tr>\n<tr>\n<td width=\"205\"><strong>Arts and Art Theory<\/strong><\/td>\n<td>Eszterh\u00e1zy K\u00e1roly Catholic University<\/td>\n<td>23\u201325 April, 2025<\/td>\n<td>8 January, 2025<\/td>\n<td><a href=\"https:\/\/37otdk.uni-eszterhazy.hu\/\" target=\"_blank\" rel=\"noopener\">https:\/\/37otdk.uni-eszterhazy.hu\/<\/a><\/td>\n<\/tr>\n<tr>\n<td width=\"205\"><strong>Medical and Health Sciences<\/strong><\/td>\n<td width=\"318\">University of P\u00e9cs<br \/>\nMedical School<br \/>\nFaculty of Pharmacy<br \/>\nFaculty of Health Sciences<\/td>\n<td>22\u201325 April, 2025<\/td>\n<td>19 February, 2025<\/td>\n<td><a href=\"https:\/\/otdk.pte.hu\/\">https:\/\/otdk.pte.hu\/<\/a><\/td>\n<\/tr>\n<tr>\n<td width=\"205\"><strong>Pedagogy, Psychology, Andragogy and Library Science<\/strong><\/td>\n<td width=\"318\">E\u00f6tv\u00f6s Lor\u00e1nd University<br \/>\nFaculty of Education and Psychology<\/td>\n<td>22\u201324 April, 2025<\/td>\n<td>8 January, 2025<\/td>\n<td><a href=\"https:\/\/otdk2025.ppk.elte.hu\/\">https:\/\/otdk2025.ppk.elte.hu\/<\/a><\/td>\n<\/tr>\n<tr>\n<td width=\"205\"><strong>Learning and Teaching Methodology \u2013 Knowledge Technology<\/strong><\/td>\n<td width=\"318\">K\u00e1roli G\u00e1sp\u00e1r University of the Reformed Church in Hungary<br \/>\nFaculty of Pedagogy<\/td>\n<td>14\u201316 April, 2025<\/td>\n<td>29 January, 2025<\/td>\n<td><a href=\"https:\/\/pk.kre.hu\/otdk2025ttt\/\">https:\/\/pk.kre.hu\/otdk2025ttt\/<\/a><\/td>\n<\/tr>\n<tr>\n<td width=\"205\"><strong>Social Sciences<\/strong><\/td>\n<td width=\"318\">University of Miskolc<br \/>\nFaculty of Humanities and Social Sciences<\/td>\n<td>24\u201326 April, 2025<\/td>\n<td>8 January, 2025<\/td>\n<td><a href=\"https:\/\/tarstudotdk2025.uni-miskolc.hu\/\">https:\/\/tarstudotdk2025.uni-miskolc.hu\/<\/a><\/td>\n<\/tr>\n<tr>\n<td width=\"205\"><strong>Physical Education and Sport Science<\/strong><\/td>\n<td>Hungarian University of Sports Science<\/td>\n<td>10\u201312 April, 2025<\/td>\n<td>22 January, 2025<\/td>\n<td><a href=\"https:\/\/tf.hu\/tudomany\/otdk\">https:\/\/tf.hu\/tudomany\/otdk<\/a><\/td>\n<\/tr>\n<\/tbody>\n<\/table>\n","protected":false},"excerpt":{"rendered":"<p>&nbsp; Section Organizing Institution Date Registration deadline Website Agricultural Sciences Hungarian University of Transylvania Faculty of Cs\u00edkszereda 24\u201326 April, 2025 8 January, 2025 https:\/\/csik.sapientia.ro\/otdk2025\/ Law and Political Science K\u00e1roli G\u00e1sp\u00e1r University of the Reformed Church in Hungary Faculty of Law 24\u201326 March, 2025 11 December, 2024 https:\/\/otdk2025ajk.kre.hu\/ Biology University of Szeged Faculty of Science and [&hellip;]<\/p>\n","protected":false},"author":3,"featured_media":0,"parent":10125,"menu_order":135,"comment_status":"closed","ping_status":"closed","template":"","meta":{"_acf_changed":false,"footnotes":""},"class_list":["post-1866","page","type-page","status-publish","hentry"],"acf":[],"_links":{"self":[{"href":"https:\/\/otdk.hu\/en\/wp-json\/wp\/v2\/pages\/1866","targetHints":{"allow":["GET"]}}],"collection":[{"href":"https:\/\/otdk.hu\/en\/wp-json\/wp\/v2\/pages"}],"about":[{"href":"https:\/\/otdk.hu\/en\/wp-json\/wp\/v2\/types\/page"}],"author":[{"embeddable":true,"href":"https:\/\/otdk.hu\/en\/wp-json\/wp\/v2\/users\/3"}],"replies":[{"embeddable":true,"href":"https:\/\/otdk.hu\/en\/wp-json\/wp\/v2\/comments?post=1866"}],"version-history":[{"count":11,"href":"https:\/\/otdk.hu\/en\/wp-json\/wp\/v2\/pages\/1866\/revisions"}],"predecessor-version":[{"id":10174,"href":"https:\/\/otdk.hu\/en\/wp-json\/wp\/v2\/pages\/1866\/revisions\/10174"}],"up":[{"embeddable":true,"href":"https:\/\/otdk.hu\/en\/wp-json\/wp\/v2\/pages\/10125"}],"wp:attachment":[{"href":"https:\/\/otdk.hu\/en\/wp-json\/wp\/v2\/media?parent=1866"}],"curies":[{"name":"wp","href":"https:\/\/api.w.org\/{rel}","templated":true}]}}