{"id":1874,"date":"2024-09-12T14:18:36","date_gmt":"2024-09-12T12:18:36","guid":{"rendered":"https:\/\/otdk.hu\/?page_id=1874"},"modified":"2024-10-03T11:01:24","modified_gmt":"2024-10-03T09:01:24","slug":"partners-and-sponsors","status":"publish","type":"page","link":"https:\/\/otdk.hu\/en\/otdt\/partners-and-sponsors\/","title":{"rendered":"Partners and Sponsors"},"content":{"rendered":"<h3>Partners<\/h3>\n<ul>\n<li><a href=\"https:\/\/www.oktatas.hu\/AJP\/AJTP\">Arany J\u00e1nos Tehets\u00e9ggondoz\u00f3 Program (AJTP)<\/a><\/li>\n<li><a href=\"https:\/\/dosz.hu\/\">Doktoranduszok Orsz\u00e1gos Sz\u00f6vets\u00e9ge (DOSZ)<\/a><\/li>\n<li><a href=\"https:\/\/hook.hu\/\">Hallgat\u00f3i \u00d6nkorm\u00e1nyzatok Orsz\u00e1gos Konferenci\u00e1ja (H\u00d6OK)<\/a><\/li>\n<li><a href=\"https:\/\/www.kutdiak.hu\/hu\/\">Kutat\u00f3 Di\u00e1kok Orsz\u00e1gos Sz\u00f6vets\u00e9ge (KUTDI\u00c1K)<\/a><\/li>\n<li><a href=\"https:\/\/www.innovacio.hu\/\">Magyar Innov\u00e1ci\u00f3s Sz\u00f6vets\u00e9g (MISZ)<\/a><\/li>\n<li><a href=\"https:\/\/www.mab.hu\/\">Magyar Fels\u0151oktat\u00e1si Akkredit\u00e1ci\u00f3s Bizotts\u00e1g (MAB)<\/a><\/li>\n<li><a href=\"https:\/\/mrk.hu\/\">Magyar Rektori Konferencia (MRK)<\/a><\/li>\n<li><a href=\"https:\/\/mrk.hu\/\">Magyar Rektori Konferencia Tehets\u00e9ggondoz\u00f3 \u00c1lland\u00f3 Bizotts\u00e1g (MRK T\u00c1B)<\/a><\/li>\n<li><a href=\"https:\/\/matehetsz.hu\/\">Magyar Tehets\u00e9gseg\u00edt\u0151 Szervezetek Sz\u00f6vets\u00e9ge (MATEHETSZ)<\/a><\/li>\n<li><a href=\"https:\/\/tehetsegpont.hu\/\">Nemzeti Tehets\u00e9gseg\u00edt\u0151 Tan\u00e1cs (NTT)<\/a><\/li>\n<li><a href=\"https:\/\/www.psat.hu\/\">Pro Scientia Arany\u00e9rmesek T\u00e1rsas\u00e1ga (PSAT)<\/a><\/li>\n<li><a href=\"https:\/\/www.sztnh.gov.hu\/hu\">Szellemi Tulajdon Nemzeti Hivatala (SZTNH)<\/a><\/li>\n<li><a href=\"https:\/\/www.szakkoli.hu\/\">Szakkoll\u00e9giumok Egyeztet\u0151 F\u00f3ruma (SZEF)<\/a><\/li>\n<\/ul>\n<h3>Sponsors<\/h3>\n<ul>\n<li><a href=\"https:\/\/hu.gysev.hu\/\">GYSEV Zrt.<\/a><\/li>\n<li><a href=\"https:\/\/kormany.hu\/epitesi-es-kozlekedesi-miniszterium\">\u00c9p\u00edt\u00e9si \u00e9s K\u00f6zleked\u00e9si Miniszt\u00e9rium<\/a><\/li>\n<li><a href=\"https:\/\/kormany.hu\/kulturalis-es-innovacios-miniszterium\">Kultur\u00e1lis \u00e9s Innov\u00e1ci\u00f3s Miniszt\u00e9rium<\/a><\/li>\n<li><a href=\"https:\/\/www.mavcsoport.hu\/mav-start\/bemutatkozas\/mav-start-zrt-bemutatkozas\">M\u00c1V-START Zrt.<\/a><\/li>\n<li><a href=\"https:\/\/nkfih.gov.hu\/palyazoknak\">Nemzeti Kutat\u00e1si, Fejleszt\u00e9si \u00e9s Innov\u00e1ci\u00f3s Hivatal (NKFIH)<\/a><\/li>\n<li><a href=\"https:\/\/nmhh.hu\/\">Nemzeti M\u00e9dia- \u00e9s H\u00edrk\u00f6zl\u00e9si Hat\u00f3s\u00e1g<\/a><\/li>\n<li><a href=\"https:\/\/mta.hu\/\">Magyar Tudom\u00e1nyos Akad\u00e9mia (MTA)<\/a><\/li>\n<li><a href=\"https:\/\/www.mnb.hu\/web\/fooldal\">Magyar Nemzeti Bank<\/a><\/li>\n<li><a href=\"https:\/\/www.otpbank.hu\/portal\/hu\/Maganszemelyek\">OTP Bank Nyrt.<\/a><\/li>\n<\/ul>\n<p>&nbsp;<\/p>\n","protected":false},"excerpt":{"rendered":"<p>Partners Arany J\u00e1nos Tehets\u00e9ggondoz\u00f3 Program (AJTP) Doktoranduszok Orsz\u00e1gos Sz\u00f6vets\u00e9ge (DOSZ) Hallgat\u00f3i \u00d6nkorm\u00e1nyzatok Orsz\u00e1gos Konferenci\u00e1ja (H\u00d6OK) Kutat\u00f3 Di\u00e1kok Orsz\u00e1gos Sz\u00f6vets\u00e9ge (KUTDI\u00c1K) Magyar Innov\u00e1ci\u00f3s Sz\u00f6vets\u00e9g (MISZ) Magyar Fels\u0151oktat\u00e1si Akkredit\u00e1ci\u00f3s Bizotts\u00e1g (MAB) Magyar Rektori Konferencia (MRK) Magyar Rektori Konferencia Tehets\u00e9ggondoz\u00f3 \u00c1lland\u00f3 Bizotts\u00e1g (MRK T\u00c1B) Magyar Tehets\u00e9gseg\u00edt\u0151 Szervezetek Sz\u00f6vets\u00e9ge (MATEHETSZ) Nemzeti Tehets\u00e9gseg\u00edt\u0151 Tan\u00e1cs (NTT) Pro Scientia Arany\u00e9rmesek T\u00e1rsas\u00e1ga (PSAT) [&hellip;]<\/p>\n","protected":false},"author":4,"featured_media":0,"parent":1989,"menu_order":203,"comment_status":"closed","ping_status":"closed","template":"","meta":{"_acf_changed":false,"footnotes":""},"class_list":["post-1874","page","type-page","status-publish","hentry"],"acf":[],"_links":{"self":[{"href":"https:\/\/otdk.hu\/en\/wp-json\/wp\/v2\/pages\/1874","targetHints":{"allow":["GET"]}}],"collection":[{"href":"https:\/\/otdk.hu\/en\/wp-json\/wp\/v2\/pages"}],"about":[{"href":"https:\/\/otdk.hu\/en\/wp-json\/wp\/v2\/types\/page"}],"author":[{"embeddable":true,"href":"https:\/\/otdk.hu\/en\/wp-json\/wp\/v2\/users\/4"}],"replies":[{"embeddable":true,"href":"https:\/\/otdk.hu\/en\/wp-json\/wp\/v2\/comments?post=1874"}],"version-history":[{"count":1,"href":"https:\/\/otdk.hu\/en\/wp-json\/wp\/v2\/pages\/1874\/revisions"}],"predecessor-version":[{"id":1876,"href":"https:\/\/otdk.hu\/en\/wp-json\/wp\/v2\/pages\/1874\/revisions\/1876"}],"up":[{"embeddable":true,"href":"https:\/\/otdk.hu\/en\/wp-json\/wp\/v2\/pages\/1989"}],"wp:attachment":[{"href":"https:\/\/otdk.hu\/en\/wp-json\/wp\/v2\/media?parent=1874"}],"curies":[{"name":"wp","href":"https:\/\/api.w.org\/{rel}","templated":true}]}}