{"id":1967,"date":"2024-09-12T14:06:17","date_gmt":"2024-09-12T12:06:17","guid":{"rendered":"https:\/\/otdk.hu\/intezmenyi-tdk\/aktualis-felevi-tdk-k\/"},"modified":"2026-05-07T10:35:19","modified_gmt":"2026-05-07T08:35:19","slug":"current-semester-tdks","status":"publish","type":"page","link":"https:\/\/otdk.hu\/en\/institutional-tdk\/current-semester-tdks\/","title":{"rendered":"Current Semester Student Research Conferences"},"content":{"rendered":"<table width=\"641\">\n<tbody>\n<tr>\n<td width=\"122\"><strong>Institution, faculty abbreviation<\/strong><\/td>\n<td width=\"160\"><strong>Institution<\/strong><\/td>\n<td width=\"209\"><strong>Faculty\/Research Center\/Institute<\/strong><\/td>\n<td width=\"150\"><strong>Conference (planned) date<\/strong><\/td>\n<\/tr>\n<tr>\n<td width=\"122\"><strong>AVFK<\/strong><\/td>\n<td width=\"160\">Apor Vilmos Catholic College<\/td>\n<td width=\"209\">&nbsp;<\/td>\n<td width=\"150\">7 May 2026.<\/td>\n<\/tr>\n<tr>\n<td width=\"122\"><strong>BCKF<\/strong><\/td>\n<td width=\"160\">Budapest Circus Arts and Contemporary Dance College<\/td>\n<td width=\"209\">&nbsp;<\/td>\n<td width=\"150\">14 May 2026.<\/td>\n<\/tr>\n<tr>\n<td width=\"122\"><strong>EKKE BTK<\/strong><\/td>\n<td width=\"160\">Eszterh\u00e1zy K\u00e1roly Catholic University<\/td>\n<td width=\"209\">Faculty of Humanities and Arts<\/td>\n<td width=\"150\">29 April 2026.<\/td>\n<\/tr>\n<tr>\n<td width=\"122\"><strong>EKKE GTK<\/strong><\/td>\n<td width=\"160\">Eszterh\u00e1zy K\u00e1roly Catholic University<\/td>\n<td width=\"209\">Faculty of Economic and Social Sciences<\/td>\n<td width=\"150\">29 April 2026.<\/td>\n<\/tr>\n<tr>\n<td width=\"122\"><strong>EKKE IK<\/strong><\/td>\n<td width=\"160\">Eszterh\u00e1zy K\u00e1roly Catholic University<\/td>\n<td width=\"209\">Faculty of Informatics<\/td>\n<td width=\"150\">29 April 2026.<\/td>\n<\/tr>\n<tr>\n<td width=\"122\"><strong>EKKE MK<\/strong><\/td>\n<td width=\"160\">Eszterh\u00e1zy K\u00e1roly Catholic University<\/td>\n<td width=\"209\">Faculty of Arts<\/td>\n<td width=\"150\">29 April 2026.<\/td>\n<\/tr>\n<tr>\n<td width=\"122\"><strong>EKKE PK<\/strong><\/td>\n<td width=\"160\">Eszterh\u00e1zy K\u00e1roly Catholic University<\/td>\n<td width=\"209\">Faculty of Pedagogy<\/td>\n<td width=\"150\">29 April 2026.<\/td>\n<\/tr>\n<tr>\n<td width=\"122\"><strong>EKKE TTK<\/strong><\/td>\n<td width=\"160\">Eszterh\u00e1zy K\u00e1roly Catholic University<\/td>\n<td width=\"209\">Faculty of Natural Sciences<\/td>\n<td width=\"150\">29 April 2026.<\/td>\n<\/tr>\n<tr>\n<td width=\"122\"><strong>ELTE IK<\/strong><\/td>\n<td width=\"160\">E\u00f6tv\u00f6s Lor\u00e1nd University<\/td>\n<td width=\"209\">Faculty of Informatics<\/td>\n<td width=\"150\">28 May 2026.<\/td>\n<\/tr>\n<tr>\n<td width=\"122\"><strong>ETDK RHK<\/strong><\/td>\n<td width=\"160\">Transylvanian Students\u2019 Scientific Conference<\/td>\n<td width=\"209\">Conference on Natural and Social Sciences<\/td>\n<td width=\"150\">14-17 May 2026.<\/td>\n<\/tr>\n<tr>\n<td width=\"122\"><strong>GFE PK<\/strong><\/td>\n<td width=\"160\">G\u00e1l Ferenc University<\/td>\n<td width=\"209\">Faculty of Pedagogy<\/td>\n<td width=\"150\">29 April 2026.<\/td>\n<\/tr>\n<tr>\n<td width=\"122\"><strong>MATE AGI<\/strong><\/td>\n<td width=\"160\">Hungarian University of Agriculture and Life Sciences<\/td>\n<td width=\"209\">Institute of Agricultural and Food Economics<\/td>\n<td width=\"150\">20 May 2026.<\/td>\n<\/tr>\n<tr>\n<td width=\"122\"><strong>MATE AKI<\/strong><\/td>\n<td width=\"160\">Hungarian University of Agriculture and Life Sciences<\/td>\n<td width=\"209\">Institute of Aquaculture and Environmental Safety<\/td>\n<td width=\"150\">20 May 2026.<\/td>\n<\/tr>\n<tr>\n<td width=\"122\"><strong>MATE ATI<\/strong><\/td>\n<td width=\"160\">Hungarian University of Agriculture and Life Sciences<\/td>\n<td width=\"209\">Institute of Animal Sciences<\/td>\n<td width=\"150\">20 May 2026.<\/td>\n<\/tr>\n<tr>\n<td width=\"122\"><strong>MATE \u00c9TI<\/strong><\/td>\n<td width=\"160\">Hungarian University of Agriculture and Life Sciences<\/td>\n<td width=\"209\">Institute of Physiology and Nutrition<\/td>\n<td width=\"150\">20 May 2026.<\/td>\n<\/tr>\n<tr>\n<td width=\"122\"><strong>MATE \u00c9TTI<\/strong><\/td>\n<td width=\"160\">Hungarian University of Agriculture and Life Sciences<\/td>\n<td width=\"209\">Institute of Food Science and Technology<\/td>\n<td width=\"150\">22 May 2026.<\/td>\n<\/tr>\n<tr>\n<td width=\"122\"><strong>MATE GBI<\/strong><\/td>\n<td width=\"160\">Hungarian University of Agriculture and Life Sciences<\/td>\n<td width=\"209\">Institute of Genetics and Biotechnology<\/td>\n<td width=\"150\">20 May 2026.<\/td>\n<\/tr>\n<tr>\n<td width=\"122\"><strong>MATE KERTI<\/strong><\/td>\n<td width=\"160\">Hungarian University of Agriculture and Life Sciences<\/td>\n<td width=\"209\">Institute of Horticultural Sciences<\/td>\n<td width=\"150\">20 May 2026.<\/td>\n<\/tr>\n<tr>\n<td width=\"122\"><strong>MATE K\u00d6TI<\/strong><\/td>\n<td width=\"160\">Hungarian University of Agriculture and Life Sciences<\/td>\n<td width=\"209\">Institute of Environmental Sciences<\/td>\n<td width=\"150\">20 May 2026.<\/td>\n<\/tr>\n<tr>\n<td width=\"122\"><strong>MATE MI<\/strong><\/td>\n<td width=\"160\">Hungarian University of Agriculture and Life Sciences<\/td>\n<td width=\"209\">Institute of Technology<\/td>\n<td width=\"150\">20 May 2026.<\/td>\n<\/tr>\n<tr>\n<td width=\"122\"><strong>MATE NTI<\/strong><\/td>\n<td width=\"160\">Hungarian University of Agriculture and Life Sciences<\/td>\n<td width=\"209\">Institute of Education<\/td>\n<td width=\"150\">20 May 2026.<\/td>\n<\/tr>\n<tr>\n<td width=\"122\"><strong>MATE NTTI<\/strong><\/td>\n<td width=\"160\">Hungarian University of Agriculture and Life Sciences<\/td>\n<td width=\"209\">Institute of Agronomy<\/td>\n<td width=\"150\">20 May 2026.<\/td>\n<\/tr>\n<tr>\n<td width=\"122\"><strong>MATE NVI<\/strong><\/td>\n<td width=\"160\">Hungarian University of Agriculture and Life Sciences<\/td>\n<td width=\"209\">Institute of Plant Protection<\/td>\n<td width=\"150\">20 May 2026.<\/td>\n<\/tr>\n<tr>\n<td width=\"122\"><strong>MATE RRMI<\/strong><\/td>\n<td width=\"160\">Hungarian University of Agriculture and Life Sciences<\/td>\n<td width=\"209\">Rippl-R\u00f3nai Institute of Arts and Theatre<\/td>\n<td width=\"150\">20 May 2026.<\/td>\n<\/tr>\n<tr>\n<td width=\"122\"><strong>MATE SZBI<\/strong><\/td>\n<td width=\"160\">Hungarian University of Agriculture and Life Sciences<\/td>\n<td width=\"209\">Institute of Viticulture and Oenology<\/td>\n<td width=\"150\">20 May 2026.<\/td>\n<\/tr>\n<tr>\n<td width=\"122\"><strong>MATE TTDI<\/strong><\/td>\n<td width=\"160\">Hungarian University of Agriculture and Life Sciences<\/td>\n<td width=\"209\">Institute of Landscape Architecture, Urban Planning and Garden Art<\/td>\n<td width=\"150\">20 May 2026.<\/td>\n<\/tr>\n<tr>\n<td width=\"122\"><strong>MATE VFGI<\/strong><\/td>\n<td width=\"160\">Hungarian University of Agriculture and Life Sciences<\/td>\n<td width=\"209\">Institute of Rural Development and Sustainable Economy<\/td>\n<td width=\"150\">20 May 2026.<\/td>\n<\/tr>\n<tr>\n<td width=\"122\"><strong>MATE VTI<\/strong><\/td>\n<td width=\"160\">Hungarian University of Agriculture and Life Sciences<\/td>\n<td width=\"209\">Institute for Wildlife Management and Nature Conservation<\/td>\n<td width=\"150\">20 May 2026.<\/td>\n<\/tr>\n<tr>\n<td width=\"122\"><strong>MTE<\/strong><\/td>\n<td width=\"160\">Hungarian Dance Academy<\/td>\n<td width=\"209\">Choreographer And Dance Teacher Training Institute<\/td>\n<td width=\"150\">23 April 2026.<\/td>\n<\/tr>\n<tr>\n<td width=\"122\"><strong>PPKE BTK<\/strong><\/td>\n<td width=\"160\">P\u00e1zm\u00e1ny P\u00e9ter Catholic University<\/td>\n<td width=\"209\">Faculty of Humanities and Social Sciences<\/td>\n<td width=\"150\">12\/14\/16 May 2026.<\/td>\n<\/tr>\n<tr>\n<td width=\"122\"><strong>PTE ETK<\/strong><\/td>\n<td width=\"160\">University of P\u00e9cs<\/td>\n<td width=\"209\">Faculty of Health Sciences<\/td>\n<td width=\"150\">8-9 May 2026.<\/td>\n<\/tr>\n<tr>\n<td width=\"122\"><strong>PTE KPVK<\/strong><\/td>\n<td width=\"160\">University of P\u00e9cs<\/td>\n<td width=\"209\">Faculty of Cultural Sciences, Education and Regional Development<\/td>\n<td width=\"150\">14 April 2026.<\/td>\n<\/tr>\n<tr>\n<td width=\"122\"><strong>PTE MIK<\/strong><\/td>\n<td width=\"160\">University of P\u00e9cs<\/td>\n<td width=\"209\">Faculty of Engineering and Information Technology<\/td>\n<td width=\"150\">4-7 May 2026.<\/td>\n<\/tr>\n<tr>\n<td width=\"122\"><strong>RO EMTE CSK<\/strong><\/td>\n<td width=\"160\">Sapientia Hungarian University of Transylvania<\/td>\n<td width=\"209\">Faculty of Miercurea Ciuc<\/td>\n<td width=\"150\">20-22 May 2026.<\/td>\n<\/tr>\n<tr>\n<td width=\"122\"><strong>RO EMTE KVK<\/strong><\/td>\n<td width=\"160\">Sapientia Hungarian University of Transylvania<\/td>\n<td width=\"209\">Faculty of Cluj-Napoca<\/td>\n<td width=\"150\">20-22 May 2026.<\/td>\n<\/tr>\n<tr>\n<td width=\"122\"><strong>RO EMTE MVK<\/strong><\/td>\n<td width=\"160\">Sapientia Hungarian University of Transylvania<\/td>\n<td width=\"209\">Faculty of T\u00e2rgu Mure\u0219<\/td>\n<td width=\"150\">20-22 May 2026.<\/td>\n<\/tr>\n<tr>\n<td width=\"122\"><strong>RO EMTE SK<\/strong><\/td>\n<td width=\"160\">Sapientia Hungarian University of Transylvania<\/td>\n<td width=\"209\">Faculty of Sf\u00e2ntu Gheorghe<\/td>\n<td width=\"150\">20-22 May 2026.<\/td>\n<\/tr>\n<tr>\n<td width=\"122\"><strong>SOE BPK<\/strong><\/td>\n<td width=\"160\">University of Sopron<\/td>\n<td width=\"209\">Benedek Elek Faculty of Pedagogy<\/td>\n<td width=\"150\">29 April 2026.<\/td>\n<\/tr>\n<tr>\n<td width=\"122\"><strong>SSTF<\/strong><\/td>\n<td width=\"160\">Sola Scriptura College of Theology<\/td>\n<td width=\"209\">&nbsp;<\/td>\n<td width=\"150\">16 April 2026.<\/td>\n<\/tr>\n<tr>\n<td width=\"122\"><strong>SZE AHJK<\/strong><\/td>\n<td width=\"160\">Sz\u00e9chenyi Istv\u00e1n University<\/td>\n<td width=\"209\">Audi Hungaria Faculty of Vehicle Engineering<\/td>\n<td width=\"150\">29 April 2026.<\/td>\n<\/tr>\n<tr>\n<td width=\"122\"><strong>SZE AK<\/strong><\/td>\n<td width=\"160\">Sz\u00e9chenyi Istv\u00e1n University<\/td>\n<td width=\"209\">Ap\u00e1czai Csere J\u00e1nos Faculty of Humanities, Education and Social Sciences<\/td>\n<td width=\"150\">29 April 2026.<\/td>\n<\/tr>\n<tr>\n<td width=\"122\"><strong>SZE AKMK<\/strong><\/td>\n<td width=\"160\">Sz\u00e9chenyi Istv\u00e1n University<\/td>\n<td width=\"209\">Faculty of Agricultural and Food Sciences<\/td>\n<td width=\"150\">29 April 2026.<\/td>\n<\/tr>\n<tr>\n<td width=\"122\"><strong>SZE DFK<\/strong><\/td>\n<td width=\"160\">Sz\u00e9chenyi Istv\u00e1n University<\/td>\n<td width=\"209\">De\u00e1k Ferenc Faculty of Law and Political Sciences<\/td>\n<td width=\"150\">29 April 2026.<\/td>\n<\/tr>\n<tr>\n<td width=\"122\"><strong>SZE ESK<\/strong><\/td>\n<td width=\"160\">Sz\u00e9chenyi Istv\u00e1n University<\/td>\n<td width=\"209\">Faculty of Health and Sport Sciences<\/td>\n<td width=\"150\">29 April 2026.<\/td>\n<\/tr>\n<tr>\n<td width=\"122\"><strong>SZE \u00c9\u00c9KK<\/strong><\/td>\n<td width=\"160\">Sz\u00e9chenyi Istv\u00e1n University<\/td>\n<td width=\"209\">Faculty of Architecture Civil Engineering and Transport Sciences<\/td>\n<td width=\"150\">29 April 2026.<\/td>\n<\/tr>\n<tr>\n<td width=\"122\"><strong>SZE GIVK<\/strong><\/td>\n<td width=\"160\">Sz\u00e9chenyi Istv\u00e1n University<\/td>\n<td width=\"209\">Faculty of Mechanical Engineering, Informatics and Electrical Engineering<\/td>\n<td width=\"150\">29 April 2026.<\/td>\n<\/tr>\n<tr>\n<td width=\"122\"><strong>SZE KGK<\/strong><\/td>\n<td width=\"160\">Sz\u00e9chenyi Istv\u00e1n University<\/td>\n<td width=\"209\">Kautz Gyula Faculty of Business and Economics<\/td>\n<td width=\"150\">29 April 2026.<\/td>\n<\/tr>\n<tr>\n<td width=\"122\"><strong>SZE MK<\/strong><\/td>\n<td width=\"160\">Sz\u00e9chenyi Istv\u00e1n University<\/td>\n<td width=\"209\">Faculty of Performance Arts<\/td>\n<td width=\"150\">29 April 2026.<\/td>\n<\/tr>\n<tr>\n<td width=\"122\"><strong>SZFE<\/strong><\/td>\n<td width=\"160\">University of Theatre and Film Arts<\/td>\n<td width=\"209\">&nbsp;<\/td>\n<td width=\"150\">19 May 2026.<\/td>\n<\/tr>\n<tr>\n<td width=\"122\"><strong>SZTE JGYPK<\/strong><\/td>\n<td width=\"160\">University of Szeged<\/td>\n<td width=\"209\">Juh\u00e1sz Gyula Faculty of Education<\/td>\n<td width=\"150\">20-24 April 2026.<\/td>\n<\/tr>\n<tr>\n<td width=\"122\"><strong>TPF<\/strong><\/td>\n<td width=\"160\">Tomori P\u00e1l College<\/td>\n<td width=\"209\"><\/td>\n<td width=\"150\">14 April 2026.<\/td>\n<\/tr>\n<tr>\n<td width=\"122\"><strong>V\u00c9F<\/strong><\/td>\n<td width=\"160\">Archiepiscopal College of Veszpr\u00e9m<\/td>\n<td width=\"209\">&nbsp;<\/td>\n<td width=\"150\">6 May 2026.<\/td>\n<\/tr>\n<\/tbody>\n<\/table>\n<p>The content of this page is constantly updated.<\/p>\n","protected":false},"excerpt":{"rendered":"<p>Institution, faculty abbreviation Institution Faculty\/Research Center\/Institute Conference (planned) date AVFK Apor Vilmos Catholic College &nbsp; 7 May 2026. BCKF Budapest Circus Arts and Contemporary Dance College &nbsp; 14 May 2026. EKKE BTK Eszterh\u00e1zy K\u00e1roly Catholic University Faculty of Humanities and Arts 29 April 2026. EKKE GTK Eszterh\u00e1zy K\u00e1roly Catholic University Faculty of Economic and Social [&hellip;]<\/p>\n","protected":false},"author":3,"featured_media":0,"parent":1963,"menu_order":52,"comment_status":"closed","ping_status":"closed","template":"","meta":{"_acf_changed":false,"footnotes":""},"class_list":["post-1967","page","type-page","status-publish","hentry"],"acf":[],"_links":{"self":[{"href":"https:\/\/otdk.hu\/en\/wp-json\/wp\/v2\/pages\/1967","targetHints":{"allow":["GET"]}}],"collection":[{"href":"https:\/\/otdk.hu\/en\/wp-json\/wp\/v2\/pages"}],"about":[{"href":"https:\/\/otdk.hu\/en\/wp-json\/wp\/v2\/types\/page"}],"author":[{"embeddable":true,"href":"https:\/\/otdk.hu\/en\/wp-json\/wp\/v2\/users\/3"}],"replies":[{"embeddable":true,"href":"https:\/\/otdk.hu\/en\/wp-json\/wp\/v2\/comments?post=1967"}],"version-history":[{"count":22,"href":"https:\/\/otdk.hu\/en\/wp-json\/wp\/v2\/pages\/1967\/revisions"}],"predecessor-version":[{"id":11484,"href":"https:\/\/otdk.hu\/en\/wp-json\/wp\/v2\/pages\/1967\/revisions\/11484"}],"up":[{"embeddable":true,"href":"https:\/\/otdk.hu\/en\/wp-json\/wp\/v2\/pages\/1963"}],"wp:attachment":[{"href":"https:\/\/otdk.hu\/en\/wp-json\/wp\/v2\/media?parent=1967"}],"curies":[{"name":"wp","href":"https:\/\/api.w.org\/{rel}","templated":true}]}}