{"id":2015,"date":"2024-09-16T12:35:33","date_gmt":"2024-09-16T10:35:33","guid":{"rendered":"https:\/\/otdk.hu\/kituntetesek\/"},"modified":"2024-10-04T15:20:15","modified_gmt":"2024-10-04T13:20:15","slug":"awards","status":"publish","type":"page","link":"https:\/\/otdk.hu\/en\/otdt\/awards-and-laureates\/awards\/","title":{"rendered":"Awards"},"content":{"rendered":"<ul>\n<li>Pro Scientia Gold Medal<\/li>\n<li>OTDK Gold Medal<\/li>\n<li>Honoris Causa Pro Scientia Gold Medal<\/li>\n<li>M\u00e1ri\u00e1s Antal Memorial Medal<\/li>\n<li>OTDT Communications Award<\/li>\n<li>XXX. OTDK Memorial Medal<\/li>\n<li>Roska Tam\u00e1s Scientific Lecture<\/li>\n<\/ul>\n","protected":false},"excerpt":{"rendered":"<p>Pro Scientia Gold Medal OTDK Gold Medal Honoris Causa Pro Scientia Gold Medal M\u00e1ri\u00e1s Antal Memorial Medal OTDT Communications Award XXX. OTDK Memorial Medal Roska Tam\u00e1s Scientific Lecture<\/p>\n","protected":false},"author":3,"featured_media":0,"parent":2019,"menu_order":58,"comment_status":"closed","ping_status":"closed","template":"","meta":{"_acf_changed":false,"footnotes":""},"class_list":["post-2015","page","type-page","status-publish","hentry"],"acf":[],"_links":{"self":[{"href":"https:\/\/otdk.hu\/en\/wp-json\/wp\/v2\/pages\/2015","targetHints":{"allow":["GET"]}}],"collection":[{"href":"https:\/\/otdk.hu\/en\/wp-json\/wp\/v2\/pages"}],"about":[{"href":"https:\/\/otdk.hu\/en\/wp-json\/wp\/v2\/types\/page"}],"author":[{"embeddable":true,"href":"https:\/\/otdk.hu\/en\/wp-json\/wp\/v2\/users\/3"}],"replies":[{"embeddable":true,"href":"https:\/\/otdk.hu\/en\/wp-json\/wp\/v2\/comments?post=2015"}],"version-history":[{"count":2,"href":"https:\/\/otdk.hu\/en\/wp-json\/wp\/v2\/pages\/2015\/revisions"}],"predecessor-version":[{"id":2017,"href":"https:\/\/otdk.hu\/en\/wp-json\/wp\/v2\/pages\/2015\/revisions\/2017"}],"up":[{"embeddable":true,"href":"https:\/\/otdk.hu\/en\/wp-json\/wp\/v2\/pages\/2019"}],"wp:attachment":[{"href":"https:\/\/otdk.hu\/en\/wp-json\/wp\/v2\/media?parent=2015"}],"curies":[{"name":"wp","href":"https:\/\/api.w.org\/{rel}","templated":true}]}}