{"id":2051,"date":"2024-09-16T10:30:48","date_gmt":"2024-09-16T08:30:48","guid":{"rendered":"https:\/\/otdk.hu\/otdt\/organisational-structure_of_the-otdt\/titkarsag\/"},"modified":"2025-12-05T11:34:57","modified_gmt":"2025-12-05T10:34:57","slug":"otdt-office","status":"publish","type":"page","link":"https:\/\/otdk.hu\/en\/otdt\/organisational-structure_of_the-otdt\/otdt-office\/","title":{"rendered":"OTDT Office"},"content":{"rendered":"<p><strong>E-mail:<\/strong>\u202f<a href=\"mailto:otdk@otdt.hu\">otdk@otdt.hu<\/a><\/p>\n<h4>Head of OTDT Office:<\/h4>\n<p style=\"padding-left: 40px;\"><strong>Czir\u00e1ki Szabina<\/strong>, Head of OTDT Office<br \/>\nPhone: +36 (30) 241-5313<\/p>\n<h4>Staff of OTDT Office:<\/h4>\n<p style=\"padding-left: 40px;\"><strong>Erd\u0151hegyin\u00e9 Szil\u00e1gyi Edit<\/strong>,\u202fTDK referent<br \/>\nPhone: +36 (70) 407-3761<\/p>\n<p style=\"padding-left: 40px;\"><strong>Erd\u0151si L\u00e1szl\u00f3<\/strong>,\u202fTDK referent<br \/>\nPhone: +36 (70) 407-3629<\/p>\n<p style=\"padding-left: 40px;\"><strong>Szab\u00f3 Anna\u202fS\u00e1ra<\/strong>,\u202fTDK referent<\/p>\n<p style=\"padding-left: 40px;\"><strong>Szl\u00e1vik M\u00e1ria<\/strong>,\u202fTDK referent<br \/>\nPhone: +36 (30) 131-6726<\/p>\n<p><strong>Request for Certificates of OTDK Results: <\/strong><a href=\"https:\/\/otdk.hu\/en\/otdk-archive\/request-for-certificates\/\">here on the website<\/a> or via email (otdk@otdt.hu)<\/p>\n<h4>Postal address:<\/h4>\n<p><strong>Orsz\u00e1gos Tudom\u00e1nyos Di\u00e1kk\u00f6ri Tan\u00e1cs Titk\u00e1rs\u00e1g (National Association for Student Research Office)<\/strong><br \/>\n1095 Budapest, Mester utca 36., I. em. 4.<\/p>\n","protected":false},"excerpt":{"rendered":"<p>E-mail:\u202fotdk@otdt.hu Head of OTDT Office: Czir\u00e1ki Szabina, Head of OTDT Office Phone: +36 (30) 241-5313 Staff of OTDT Office: Erd\u0151hegyin\u00e9 Szil\u00e1gyi Edit,\u202fTDK referent Phone: +36 (70) 407-3761 Erd\u0151si L\u00e1szl\u00f3,\u202fTDK referent Phone: +36 (70) 407-3629 Szab\u00f3 Anna\u202fS\u00e1ra,\u202fTDK referent Szl\u00e1vik M\u00e1ria,\u202fTDK referent Phone: +36 (30) 131-6726 Request for Certificates of OTDK Results: here on the website or [&hellip;]<\/p>\n","protected":false},"author":3,"featured_media":0,"parent":2003,"menu_order":244,"comment_status":"closed","ping_status":"closed","template":"","meta":{"_acf_changed":false,"footnotes":""},"class_list":["post-2051","page","type-page","status-publish","hentry"],"acf":[],"_links":{"self":[{"href":"https:\/\/otdk.hu\/en\/wp-json\/wp\/v2\/pages\/2051","targetHints":{"allow":["GET"]}}],"collection":[{"href":"https:\/\/otdk.hu\/en\/wp-json\/wp\/v2\/pages"}],"about":[{"href":"https:\/\/otdk.hu\/en\/wp-json\/wp\/v2\/types\/page"}],"author":[{"embeddable":true,"href":"https:\/\/otdk.hu\/en\/wp-json\/wp\/v2\/users\/3"}],"replies":[{"embeddable":true,"href":"https:\/\/otdk.hu\/en\/wp-json\/wp\/v2\/comments?post=2051"}],"version-history":[{"count":7,"href":"https:\/\/otdk.hu\/en\/wp-json\/wp\/v2\/pages\/2051\/revisions"}],"predecessor-version":[{"id":9253,"href":"https:\/\/otdk.hu\/en\/wp-json\/wp\/v2\/pages\/2051\/revisions\/9253"}],"up":[{"embeddable":true,"href":"https:\/\/otdk.hu\/en\/wp-json\/wp\/v2\/pages\/2003"}],"wp:attachment":[{"href":"https:\/\/otdk.hu\/en\/wp-json\/wp\/v2\/media?parent=2051"}],"curies":[{"name":"wp","href":"https:\/\/api.w.org\/{rel}","templated":true}]}}