{"id":2061,"date":"2024-10-04T18:54:38","date_gmt":"2024-10-04T16:54:38","guid":{"rendered":"https:\/\/otdk.hu\/impresszum\/"},"modified":"2025-12-05T11:35:43","modified_gmt":"2025-12-05T10:35:43","slug":"impressum","status":"publish","type":"page","link":"https:\/\/otdk.hu\/en\/impressum\/","title":{"rendered":"Impressum"},"content":{"rendered":"<p style=\"font-weight: 400;\"><b><strong>Owner and editor:<br \/>\n<\/strong><\/b>TDK-\u00e9rt K\u00f6zhaszn\u00fa Alap\u00edtv\u00e1ny<br \/>\nAddress: 3515 Miskolc-Egyetemv\u00e1ros<\/p>\n<p style=\"font-weight: 400;\"><b><strong><br \/>\nPostal address:<br \/>\n<\/strong><\/b>Orsz\u00e1gos Tudom\u00e1nyos Di\u00e1kk\u00f6ri Tan\u00e1cs titk\u00e1rs\u00e1g<br \/>\n1095 Budapest, Mester utca 36. I. em. 4.<br \/>\ne-mail:\u00a0<a href=\"mailto:otdk@otdt.hu\">otdk@otdt.hu\u00a0<\/a><\/p>\n<p>&nbsp;<\/p>\n<p style=\"font-weight: 400;\"><b><strong>Responsible for publishing: <\/strong><\/b>L\u00e1szl\u00f3 M\u00e1tyus, President of OTDT<\/p>\n<p>&nbsp;<\/p>\n<p style=\"font-weight: 400;\"><b><strong>Development, maintenance:<br \/>\n<\/strong><\/b>Hidasi P\u00e9ter<\/p>\n<p style=\"font-weight: 400;\"><b><strong>Design:<\/strong><\/b><br \/>\n<a href=\"https:\/\/robindesign.hu\/\">Robin Design St\u00fadi\u00f3<\/a><\/p>\n","protected":false},"excerpt":{"rendered":"<p>Owner and editor: TDK-\u00e9rt K\u00f6zhaszn\u00fa Alap\u00edtv\u00e1ny Address: 3515 Miskolc-Egyetemv\u00e1ros Postal address: Orsz\u00e1gos Tudom\u00e1nyos Di\u00e1kk\u00f6ri Tan\u00e1cs titk\u00e1rs\u00e1g 1095 Budapest, Mester utca 36. I. em. 4. e-mail:\u00a0otdk@otdt.hu\u00a0 &nbsp; Responsible for publishing: L\u00e1szl\u00f3 M\u00e1tyus, President of OTDT &nbsp; Development, maintenance: Hidasi P\u00e9ter Design: Robin Design St\u00fadi\u00f3<\/p>\n","protected":false},"author":4,"featured_media":0,"parent":0,"menu_order":116,"comment_status":"closed","ping_status":"closed","template":"","meta":{"_acf_changed":false,"footnotes":""},"class_list":["post-2061","page","type-page","status-publish","hentry"],"acf":[],"_links":{"self":[{"href":"https:\/\/otdk.hu\/en\/wp-json\/wp\/v2\/pages\/2061","targetHints":{"allow":["GET"]}}],"collection":[{"href":"https:\/\/otdk.hu\/en\/wp-json\/wp\/v2\/pages"}],"about":[{"href":"https:\/\/otdk.hu\/en\/wp-json\/wp\/v2\/types\/page"}],"author":[{"embeddable":true,"href":"https:\/\/otdk.hu\/en\/wp-json\/wp\/v2\/users\/4"}],"replies":[{"embeddable":true,"href":"https:\/\/otdk.hu\/en\/wp-json\/wp\/v2\/comments?post=2061"}],"version-history":[{"count":3,"href":"https:\/\/otdk.hu\/en\/wp-json\/wp\/v2\/pages\/2061\/revisions"}],"predecessor-version":[{"id":9254,"href":"https:\/\/otdk.hu\/en\/wp-json\/wp\/v2\/pages\/2061\/revisions\/9254"}],"wp:attachment":[{"href":"https:\/\/otdk.hu\/en\/wp-json\/wp\/v2\/media?parent=2061"}],"curies":[{"name":"wp","href":"https:\/\/api.w.org\/{rel}","templated":true}]}}